{"id":51,"date":"2011-01-06T14:43:10","date_gmt":"2011-01-06T14:43:10","guid":{"rendered":"http:\/\/www.jockheck.de\/?page_id=51"},"modified":"2023-02-27T17:22:31","modified_gmt":"2023-02-27T17:22:31","slug":"impressum","status":"publish","type":"page","link":"https:\/\/www.jockheck.de\/?page_id=51","title":{"rendered":"Impressum"},"content":{"rendered":"<h1>Impressum<\/h1>\n<p>F\u00fcr den Inhalt verantwortlich:<\/p>\n<p>Detlef Jockheck<br \/>\nMindener Stra\u00dfe 16<\/p>\n<p>32339 Espelkamp<\/p>\n<p>Email: Detlef(at)Jockheck.de<\/p>\n<p>Haftungsausschluss:<\/p>\n<p>Trotz sorgf\u00e4ltiger inhaltlicher Kontrolle \u00fcbernehme ich keine Haftung f\u00fcr die Inhalte externer Links. F\u00fcr den Inhalt der verlinkten Seiten sind ausschlie\u00dflich deren Betreiber verantwortlich.<\/p>\n","protected":false},"excerpt":{"rendered":"<p>Impressum F\u00fcr den Inhalt verantwortlich: Detlef Jockheck Mindener Stra\u00dfe 16 32339 Espelkamp Email: Detlef(at)Jockheck.de Haftungsausschluss: Trotz sorgf\u00e4ltiger inhaltlicher Kontrolle \u00fcbernehme ich keine Haftung f\u00fcr die Inhalte externer Links. F\u00fcr den Inhalt der verlinkten Seiten sind ausschlie\u00dflich deren Betreiber verantwortlich.<\/p>\n","protected":false},"author":1,"featured_media":0,"parent":0,"menu_order":0,"comment_status":"closed","ping_status":"closed","template":"","meta":{"footnotes":""},"class_list":["post-51","page","type-page","status-publish","hentry"],"_links":{"self":[{"href":"https:\/\/www.jockheck.de\/index.php?rest_route=\/wp\/v2\/pages\/51","targetHints":{"allow":["GET"]}}],"collection":[{"href":"https:\/\/www.jockheck.de\/index.php?rest_route=\/wp\/v2\/pages"}],"about":[{"href":"https:\/\/www.jockheck.de\/index.php?rest_route=\/wp\/v2\/types\/page"}],"author":[{"embeddable":true,"href":"https:\/\/www.jockheck.de\/index.php?rest_route=\/wp\/v2\/users\/1"}],"replies":[{"embeddable":true,"href":"https:\/\/www.jockheck.de\/index.php?rest_route=%2Fwp%2Fv2%2Fcomments&post=51"}],"version-history":[{"count":11,"href":"https:\/\/www.jockheck.de\/index.php?rest_route=\/wp\/v2\/pages\/51\/revisions"}],"predecessor-version":[{"id":748,"href":"https:\/\/www.jockheck.de\/index.php?rest_route=\/wp\/v2\/pages\/51\/revisions\/748"}],"wp:attachment":[{"href":"https:\/\/www.jockheck.de\/index.php?rest_route=%2Fwp%2Fv2%2Fmedia&parent=51"}],"curies":[{"name":"wp","href":"https:\/\/api.w.org\/{rel}","templated":true}]}}